{"id":18,"date":"2025-05-23T03:55:07","date_gmt":"2025-05-23T03:55:07","guid":{"rendered":"https:\/\/bachviet-group.net\/?page_id=18"},"modified":"2025-05-23T07:54:00","modified_gmt":"2025-05-23T07:54:00","slug":"tac-gia-le-duy-quang","status":"publish","type":"page","link":"https:\/\/bachviet-group.net\/?page_id=18","title":{"rendered":"T\u00e1c Gi\u1ea3 L\u00ea Duy Quang"},"content":{"rendered":"\n\t<section class=\"section\" id=\"section_868112877\">\n\t\t<div class=\"section-bg fill\" >\n\t\t\t\t\t\t\t\t\t\n\t\t\t\n\n\t\t<\/div>\n\n\t\t\n\n\t\t<div class=\"section-content relative\">\n\t\t\t\n\t<div id=\"text-367520714\" class=\"text\">\n\t\t\n<h1>Gi\u1edbi thi\u1ec7u v\u1ec1 T\u00e1c gi\u1ea3 L\u00ea Duy Quang<\/h1>\n\t\t\n<style>\n#text-367520714 {\n  font-size: 1.25rem;\n  text-align: center;\n  color: #000814;\n}\n#text-367520714 > * {\n  color: #000814;\n}\n<\/style>\n\t<\/div>\n\t\n\t<div id=\"gap-1823395434\" class=\"gap-element clearfix\" style=\"display:block; height:auto;\">\n\t\t\n<style>\n#gap-1823395434 {\n  padding-top: 30px;\n}\n<\/style>\n\t<\/div>\n\t\n<div class=\"row align-middle\"  id=\"row-2127747120\">\n\n\t<div id=\"col-243441204\" class=\"col medium-4 small-12 large-4\"  >\n\t\t\t\t<div class=\"col-inner\"  >\n\t\t\t\n\t\t\t\n\t<div class=\"img has-hover x md-x lg-x y md-y lg-y\" id=\"image_1827219552\">\n\t\t\t\t\t\t\t\t<div class=\"img-inner dark\" >\n\t\t\t<img loading=\"lazy\" decoding=\"async\" width=\"1000\" height=\"1000\" src=\"https:\/\/bachviet-group.net\/wp-content\/uploads\/2025\/05\/chikamuna-19.png\" class=\"attachment-large size-large\" alt=\"\" srcset=\"https:\/\/bachviet-group.net\/wp-content\/uploads\/2025\/05\/chikamuna-19.png 1000w, https:\/\/bachviet-group.net\/wp-content\/uploads\/2025\/05\/chikamuna-19-300x300.png 300w, https:\/\/bachviet-group.net\/wp-content\/uploads\/2025\/05\/chikamuna-19-150x150.png 150w, https:\/\/bachviet-group.net\/wp-content\/uploads\/2025\/05\/chikamuna-19-768x768.png 768w\" sizes=\"auto, (max-width: 1000px) 100vw, 1000px\" \/>\t\t\t\t\t\t\n\t\t\t\t\t<\/div>\n\t\t\t\t\t\t\t\t\n<style>\n#image_1827219552 {\n  width: 100%;\n}\n<\/style>\n\t<\/div>\n\t\n\t\t<\/div>\n\t\t\t\t\t<\/div>\n\n\t\n\n\t<div id=\"col-242409765\" class=\"col medium-8 small-12 large-8\"  >\n\t\t\t\t<div class=\"col-inner\"  >\n\t\t\t\n\t\t\t\n\t<div id=\"text-2955318843\" class=\"text\">\n\t\t\n<p><b>L\u00ea Duy Quang<\/b><span style=\"font-weight: 400;\"> l\u00e0 m\u1ed9t <\/span><b>chuy\u00ean gia b\u1ea5t \u0111\u1ed9ng s\u1ea3n<\/b><span style=\"font-weight: 400;\"> v\u1edbi h\u01a1n 15 n\u0103m kinh nghi\u1ec7m trong ng\u00e0nh, \u0111\u1eb7c bi\u1ec7t trong vi\u1ec7c ph\u00e1t tri\u1ec3n v\u00e0 qu\u1ea3n l\u00fd c\u00e1c d\u1ef1 \u00e1n b\u1ea5t \u0111\u1ed9ng s\u1ea3n quy m\u00f4 l\u1edbn. Anh hi\u1ec7n l\u00e0 <\/span><b>Gi\u00e1m \u0111\u1ed1c \u0110i\u1ec1u h\u00e0nh<\/b><span style=\"font-weight: 400;\"> c\u1ee7a <\/span><b>B\u00e1ch Vi\u1ec7t Group<\/b><span style=\"font-weight: 400;\">, m\u1ed9t c\u00f4ng ty chuy\u00ean cung c\u1ea5p c\u00e1c d\u1ecbch v\u1ee5 b\u1ea5t \u0111\u1ed9ng s\u1ea3n ch\u1ea5t l\u01b0\u1ee3ng cao t\u1ea1i Vi\u1ec7t Nam. V\u1edbi n\u1ec1n t\u1ea3ng ki\u1ebfn th\u1ee9c v\u1eefng ch\u1eafc v\u1ec1 th\u1ecb tr\u01b0\u1eddng b\u1ea5t \u0111\u1ed9ng s\u1ea3n trong n\u01b0\u1edbc v\u00e0 qu\u1ed1c t\u1ebf, L\u00ea Duy Quang \u0111\u00e3 th\u00e0nh c\u00f4ng trong vi\u1ec7c t\u01b0 v\u1ea5n, \u0111\u1ecbnh h\u01b0\u1edbng ph\u00e1t tri\u1ec3n v\u00e0 th\u1ef1c hi\u1ec7n c\u00e1c chi\u1ebfn l\u01b0\u1ee3c \u0111\u1ea7u t\u01b0 hi\u1ec7u qu\u1ea3 cho nhi\u1ec1u d\u1ef1 \u00e1n b\u1ea5t \u0111\u1ed9ng s\u1ea3n n\u1ed5i b\u1eadt.<\/span><\/p>\n\t\t\n<style>\n#text-2955318843 {\n  color: rgb(0,0,0);\n}\n#text-2955318843 > * {\n  color: rgb(0,0,0);\n}\n<\/style>\n\t<\/div>\n\t\n\t\t<\/div>\n\t\t\t\t\t<\/div>\n\n\t\n<\/div>\n\t<div id=\"text-2525178036\" class=\"text\">\n\t\t\n<h3>B\u00e0i Vi\u1ebft N\u1ed5i B\u1eadt<\/h3>\n\t\t\n<style>\n#text-2525178036 {\n  font-size: 1.15rem;\n  text-align: center;\n  color: #000814;\n}\n#text-2525178036 > * {\n  color: #000814;\n}\n<\/style>\n\t<\/div>\n\t\n\n  \n    <div class=\"row large-columns-4 medium-columns-1 small-columns-1 row-small slider row-slider slider-nav-reveal slider-nav-push\"  data-flickity-options='{&quot;imagesLoaded&quot;: true, &quot;groupCells&quot;: &quot;100%&quot;, &quot;dragThreshold&quot; : 5, &quot;cellAlign&quot;: &quot;left&quot;,&quot;wrapAround&quot;: true,&quot;prevNextButtons&quot;: true,&quot;percentPosition&quot;: true,&quot;pageDots&quot;: false, &quot;rightToLeft&quot;: false, &quot;autoPlay&quot; : false}' >\n\n  <div class=\"col post-item\" >\n\t\t\t<div class=\"col-inner\">\n\t\t\t\t<div class=\"box box-bounce box-text-bottom box-blog-post has-hover\">\n            \t\t\t\t\t<div class=\"box-image\" >\n  \t\t\t\t\t\t<div class=\"image-cover\" style=\"padding-top:70%;\">\n\t\t\t\t\t\t\t<a href=\"https:\/\/bachviet-group.net\/?p=93\" class=\"plain\" aria-label=\"T\u00f2a \u0110\u1ed1c L\u00fd \u0110\u00e0 N\u1eb5ng: 125 N\u0103m Di S\u1ea3n Ph\u00e1p N\u1ed5i B\u1eadt\">\n\t\t\t\t\t\t\t\t<img loading=\"lazy\" decoding=\"async\" width=\"300\" height=\"169\" src=\"https:\/\/bachviet-group.net\/wp-content\/uploads\/2025\/06\/2022-12-23-1-300x169.jpg\" class=\"attachment-medium size-medium wp-post-image\" alt=\"\" srcset=\"https:\/\/bachviet-group.net\/wp-content\/uploads\/2025\/06\/2022-12-23-1-300x169.jpg 300w, https:\/\/bachviet-group.net\/wp-content\/uploads\/2025\/06\/2022-12-23-1-768x433.jpg 768w, https:\/\/bachviet-group.net\/wp-content\/uploads\/2025\/06\/2022-12-23-1.jpg 800w\" sizes=\"auto, (max-width: 300px) 100vw, 300px\" \/>\t\t\t\t\t\t\t<\/a>\n  \t\t\t\t\t\t\t  \t\t\t\t\t\t\t  \t\t\t\t\t\t<\/div>\n  \t\t\t\t\t\t  \t\t\t\t\t<\/div>\n          \t\t\t\t\t<div class=\"box-text text-left is-small\" style=\"padding:10px 10px 10px 0px;\">\n\t\t\t\t\t<div class=\"box-text-inner blog-post-inner\">\n\n\t\t\t\t\t\n\t\t\t\t\t\t\t\t\t\t<h5 class=\"post-title is-large \">\n\t\t\t\t\t\t<a href=\"https:\/\/bachviet-group.net\/?p=93\" class=\"plain\">T\u00f2a \u0110\u1ed1c L\u00fd \u0110\u00e0 N\u1eb5ng: 125 N\u0103m Di S\u1ea3n Ph\u00e1p N\u1ed5i B\u1eadt<\/a>\n\t\t\t\t\t<\/h5>\n\t\t\t\t\t\t\t\t\t\t<div class=\"is-divider\"><\/div>\n\t\t\t\t\t                    \n\t\t\t\t\t\n\t\t\t\t\t\n\t\t\t\t\t<\/div>\n\t\t\t\t\t<\/div>\n\t\t\t\t\t\t\t\t\t<\/div>\n\t\t\t<\/div>\n\t\t<\/div><div class=\"col post-item\" >\n\t\t\t<div class=\"col-inner\">\n\t\t\t\t<div class=\"box box-bounce box-text-bottom box-blog-post has-hover\">\n            \t\t\t\t\t<div class=\"box-image\" >\n  \t\t\t\t\t\t<div class=\"image-cover\" style=\"padding-top:70%;\">\n\t\t\t\t\t\t\t<a href=\"https:\/\/bachviet-group.net\/?p=74\" class=\"plain\" aria-label=\"C\u1eeda Nh\u00f4m Xingfa C\u00e1ch \u00c2m Hi\u1ec7u Qu\u1ea3 Nh\u01b0 Th\u1ebf N\u00e0o? Ph\u00e2n T\u00edch V\u00e0 \u1ee8ng D\u1ee5ng Th\u1ef1c Ti\u1ec5n\">\n\t\t\t\t\t\t\t\t<img loading=\"lazy\" decoding=\"async\" width=\"225\" height=\"300\" src=\"https:\/\/bachviet-group.net\/wp-content\/uploads\/2025\/06\/cua-nhom-xingfa-lua-4-canh-767x1024-1-225x300.jpg\" class=\"attachment-medium size-medium wp-post-image\" alt=\"\" srcset=\"https:\/\/bachviet-group.net\/wp-content\/uploads\/2025\/06\/cua-nhom-xingfa-lua-4-canh-767x1024-1-225x300.jpg 225w, https:\/\/bachviet-group.net\/wp-content\/uploads\/2025\/06\/cua-nhom-xingfa-lua-4-canh-767x1024-1.jpg 767w\" sizes=\"auto, (max-width: 225px) 100vw, 225px\" \/>\t\t\t\t\t\t\t<\/a>\n  \t\t\t\t\t\t\t  \t\t\t\t\t\t\t  \t\t\t\t\t\t<\/div>\n  \t\t\t\t\t\t  \t\t\t\t\t<\/div>\n          \t\t\t\t\t<div class=\"box-text text-left is-small\" style=\"padding:10px 10px 10px 0px;\">\n\t\t\t\t\t<div class=\"box-text-inner blog-post-inner\">\n\n\t\t\t\t\t\n\t\t\t\t\t\t\t\t\t\t<h5 class=\"post-title is-large \">\n\t\t\t\t\t\t<a href=\"https:\/\/bachviet-group.net\/?p=74\" class=\"plain\">C\u1eeda Nh\u00f4m Xingfa C\u00e1ch \u00c2m Hi\u1ec7u Qu\u1ea3 Nh\u01b0 Th\u1ebf N\u00e0o? Ph\u00e2n T\u00edch V\u00e0 \u1ee8ng D\u1ee5ng Th\u1ef1c Ti\u1ec5n<\/a>\n\t\t\t\t\t<\/h5>\n\t\t\t\t\t\t\t\t\t\t<div class=\"is-divider\"><\/div>\n\t\t\t\t\t                    \n\t\t\t\t\t\n\t\t\t\t\t\n\t\t\t\t\t<\/div>\n\t\t\t\t\t<\/div>\n\t\t\t\t\t\t\t\t\t<\/div>\n\t\t\t<\/div>\n\t\t<\/div><\/div>\n\t<div id=\"text-3751369744\" class=\"text\">\n\t\t\n<h3><b>Qu\u00e1 tr\u00ecnh h\u1ecdc t\u1eadp &amp; ph\u00e1t tri\u1ec3n chuy\u00ean m\u00f4n<\/b><\/h3>\n<p><span style=\"font-weight: 400;\">T\u1ed1t nghi\u1ec7p ng\u00e0nh <\/span><b>Qu\u1ea3n tr\u1ecb Kinh doanh B\u1ea5t \u0111\u1ed9ng s\u1ea3n<\/b><span style=\"font-weight: 400;\"> t\u1ea1i \u0110\u1ea1i h\u1ecdc Kinh t\u1ebf TP.HCM v\u00e0 nh\u1eadn ch\u1ee9ng ch\u1ec9 <\/span><b>Chuy\u00ean gia T\u01b0 v\u1ea5n \u0110\u1ea7u t\u01b0 B\u1ea5t \u0111\u1ed9ng s\u1ea3n Qu\u1ed1c t\u1ebf<\/b><span style=\"font-weight: 400;\"> t\u1eeb London Business School, L\u00ea Duy Quang \u0111\u00e3 c\u00f3 c\u01a1 h\u1ed9i l\u00e0m vi\u1ec7c v\u00e0 h\u1ecdc h\u1ecfi t\u1eeb c\u00e1c t\u1eadp \u0111o\u00e0n b\u1ea5t \u0111\u1ed9ng s\u1ea3n h\u00e0ng \u0111\u1ea7u th\u1ebf gi\u1edbi. Anh \u0111\u00e3 tham gia v\u00e0o nhi\u1ec1u d\u1ef1 \u00e1n b\u1ea5t \u0111\u1ed9ng s\u1ea3n l\u1edbn \u1edf c\u1ea3 Vi\u1ec7t Nam v\u00e0 n\u01b0\u1edbc ngo\u00e0i, gi\u00fap c\u1ea3i thi\u1ec7n gi\u00e1 tr\u1ecb v\u00e0 ti\u1ec1m n\u0103ng ph\u00e1t tri\u1ec3n c\u1ee7a nh\u1eefng khu \u0111\u1ea5t, d\u1ef1 \u00e1n kh\u00f4ng ch\u1ec9 v\u1ec1 m\u1eb7t kinh t\u1ebf m\u00e0 c\u00f2n v\u1ec1 <\/span><b>\u0111\u00f3ng g\u00f3p v\u00e0o s\u1ef1 ph\u00e1t tri\u1ec3n b\u1ec1n v\u1eefng<\/b><span style=\"font-weight: 400;\"> c\u1ee7a c\u1ed9ng \u0111\u1ed3ng v\u00e0 m\u00f4i tr\u01b0\u1eddng.<\/span><\/p>\n<h3><b>Th\u1ebf m\u1ea1nh chuy\u00ean m\u00f4n<\/b><\/h3>\n<ul>\n<li style=\"font-weight: 400;\" aria-level=\"1\"><b>T\u01b0 v\u1ea5n v\u00e0 ph\u00e1t tri\u1ec3n d\u1ef1 \u00e1n b\u1ea5t \u0111\u1ed9ng s\u1ea3n<\/b><span style=\"font-weight: 400;\">: t\u1eeb kh\u00e2u kh\u1ea3o s\u00e1t, thi\u1ebft k\u1ebf, l\u1eadp k\u1ebf ho\u1ea1ch cho \u0111\u1ebfn tri\u1ec3n khai v\u00e0 qu\u1ea3n l\u00fd d\u1ef1 \u00e1n<\/span><span style=\"font-weight: 400;\">\n<p><\/span><\/li>\n<li style=\"font-weight: 400;\" aria-level=\"1\"><b>\u0110\u1ecbnh gi\u00e1 v\u00e0 ph\u00e2n t\u00edch th\u1ecb tr\u01b0\u1eddng b\u1ea5t \u0111\u1ed9ng s\u1ea3n<\/b><span style=\"font-weight: 400;\">: \u1ee9ng d\u1ee5ng c\u00e1c c\u00f4ng c\u1ee5 ph\u00e2n t\u00edch t\u00e0i ch\u00ednh \u0111\u1ec3 t\u1ed1i \u01b0u h\u00f3a hi\u1ec7u qu\u1ea3 \u0111\u1ea7u t\u01b0<\/span><span style=\"font-weight: 400;\">\n<p><\/span><\/li>\n<li style=\"font-weight: 400;\" aria-level=\"1\"><b>\u0110\u1ea7u t\u01b0 b\u1ea5t \u0111\u1ed9ng s\u1ea3n<\/b><span style=\"font-weight: 400;\">: t\u01b0 v\u1ea5n chi\u1ebfn l\u01b0\u1ee3c \u0111\u1ea7u t\u01b0 hi\u1ec7u qu\u1ea3 cho c\u00e1c c\u00e1 nh\u00e2n v\u00e0 t\u1ed5 ch\u1ee9c<\/span><span style=\"font-weight: 400;\">\n<p><\/span><\/li>\n<li style=\"font-weight: 400;\" aria-level=\"1\"><b>Qu\u1ea3n l\u00fd t\u00e0i s\u1ea3n b\u1ea5t \u0111\u1ed9ng s\u1ea3n<\/b><span style=\"font-weight: 400;\">: t\u1ed1i \u01b0u h\u00f3a l\u1ee3i nhu\u1eadn t\u1eeb c\u00e1c t\u00e0i s\u1ea3n, \u0111\u1ea3m b\u1ea3o ch\u1ea5t l\u01b0\u1ee3ng v\u00e0 s\u1ef1 b\u1ec1n v\u1eefng<\/span><span style=\"font-weight: 400;\">\n<p><\/span><\/li>\n<li style=\"font-weight: 400;\" aria-level=\"1\"><b>\u0110\u00e1nh gi\u00e1 ti\u1ec1m n\u0103ng th\u1ecb tr\u01b0\u1eddng b\u1ea5t \u0111\u1ed9ng s\u1ea3n<\/b><span style=\"font-weight: 400;\">: nh\u1eadn di\u1ec7n c\u01a1 h\u1ed9i \u0111\u1ea7u t\u01b0 trong c\u00e1c khu v\u1ef1c m\u1edbi n\u1ed5i<\/span><span style=\"font-weight: 400;\">\n<p><\/span><\/li>\n<\/ul>\n<h3><b>Phong c\u00e1ch chia s\u1ebb<\/b><\/h3>\n<p><span style=\"font-weight: 400;\">L\u00ea Duy Quang n\u1ed5i b\u1eadt v\u1edbi phong c\u00e1ch <\/span><b>chuy\u00ean nghi\u1ec7p, th\u1ef1c t\u1ebf v\u00e0 d\u1ec5 ti\u1ebfp c\u1eadn<\/b><span style=\"font-weight: 400;\">. Anh lu\u00f4n ch\u1ee7 tr\u01b0\u01a1ng chia s\u1ebb nh\u1eefng ki\u1ebfn th\u1ee9c, kinh nghi\u1ec7m th\u1ef1c t\u1ebf v\u00e0 nh\u1eefng b\u00e0i h\u1ecdc \u0111\u00e3 \u0111\u00fac k\u1ebft qua qu\u00e1 tr\u00ecnh l\u00e0m vi\u1ec7c th\u1ef1c ti\u1ec5n. C\u00e1c b\u00e0i vi\u1ebft c\u1ee7a anh lu\u00f4n nh\u1eafm \u0111\u1ebfn vi\u1ec7c gi\u00fap c\u00e1c nh\u00e0 \u0111\u1ea7u t\u01b0, ch\u1ee7 doanh nghi\u1ec7p v\u00e0 c\u00e1c chuy\u00ean gia b\u1ea5t \u0111\u1ed9ng s\u1ea3n <\/span><b>hi\u1ec3u r\u00f5 h\u01a1n v\u1ec1 xu h\u01b0\u1edbng th\u1ecb tr\u01b0\u1eddng<\/b><span style=\"font-weight: 400;\">, c\u0169ng nh\u01b0 c\u00e1ch <\/span><b>t\u1ed1i \u01b0u h\u00f3a l\u1ee3i nhu\u1eadn<\/b><span style=\"font-weight: 400;\"> t\u1eeb nh\u1eefng quy\u1ebft \u0111\u1ecbnh \u0111\u1ea7u t\u01b0 b\u1ea5t \u0111\u1ed9ng s\u1ea3n.<\/span><\/p>\n<h3><b>Nh\u1eefng ch\u1ee7 \u0111\u1ec1 n\u1ed5i b\u1eadt m\u00e0 t\u00e1c gi\u1ea3 th\u01b0\u1eddng vi\u1ebft:<\/b><\/h3>\n<ul>\n<li style=\"font-weight: 400;\" aria-level=\"1\"><b>\u201cC\u00e1ch ch\u1ecdn l\u1ef1a b\u1ea5t \u0111\u1ed9ng s\u1ea3n \u0111\u1ea7u t\u01b0 hi\u1ec7u qu\u1ea3 trong b\u1ed1i c\u1ea3nh th\u1ecb tr\u01b0\u1eddng hi\u1ec7n nay\u201d<\/b><b>\n<p><\/b><\/li>\n<li style=\"font-weight: 400;\" aria-level=\"1\"><b>\u201c\u0110\u1ea7u t\u01b0 b\u1ea5t \u0111\u1ed9ng s\u1ea3n khu v\u1ef1c ti\u1ec1m n\u0103ng: \u0110\u1ecbnh v\u1ecb th\u1ecb tr\u01b0\u1eddng b\u1ea5t \u0111\u1ed9ng s\u1ea3n \u1edf c\u00e1c t\u1ec9nh, th\u00e0nh ph\u1ed1 m\u1edbi n\u1ed5i\u201d<\/b><b>\n<p><\/b><\/li>\n<li style=\"font-weight: 400;\" aria-level=\"1\"><b>\u201cB\u00ed quy\u1ebft th\u00e0nh c\u00f4ng khi \u0111\u1ea7u t\u01b0 b\u1ea5t \u0111\u1ed9ng s\u1ea3n cho ng\u01b0\u1eddi m\u1edbi b\u1eaft \u0111\u1ea7u\u201d<\/b><b>\n<p><\/b><\/li>\n<li style=\"font-weight: 400;\" aria-level=\"1\"><b>\u201cT\u1eeb \u0111\u1ea7u t\u01b0 b\u1ea5t \u0111\u1ed9ng s\u1ea3n \u0111\u1ebfn qu\u1ea3n l\u00fd t\u00e0i s\u1ea3n: L\u00e0m th\u1ebf n\u00e0o \u0111\u1ec3 t\u1ed1i \u0111a h\u00f3a l\u1ee3i nhu\u1eadn\u201d<\/b><b>\n<p><\/b><\/li>\n<li style=\"font-weight: 400;\" aria-level=\"1\"><b>\u201cTh\u1ecb tr\u01b0\u1eddng b\u1ea5t \u0111\u1ed9ng s\u1ea3n sau \u0111\u1ea1i d\u1ecbch: Nh\u1eefng c\u01a1 h\u1ed9i v\u00e0 th\u00e1ch th\u1ee9c\u201d<\/b><b>\n<p><\/b><\/li>\n<\/ul>\n<h3><b>Vai tr\u00f2 t\u1ea1i bachviet-group.net<\/b><\/h3>\n<p><span style=\"font-weight: 400;\">V\u1edbi vai tr\u00f2 l\u00e0 <\/span><b>t\u00e1c gi\u1ea3 ch\u00ednh v\u00e0 chuy\u00ean gia t\u01b0 v\u1ea5n b\u1ea5t \u0111\u1ed9ng s\u1ea3n<\/b><span style=\"font-weight: 400;\"> t\u1ea1i <\/span><b>bachviet-group.net<\/b><span style=\"font-weight: 400;\">, L\u00ea Duy Quang kh\u00f4ng ch\u1ec9 mang l\u1ea1i nh\u1eefng th\u00f4ng tin h\u1eefu \u00edch, m\u00e0 c\u00f2n l\u00e0 ng\u01b0\u1eddi gi\u00fap k\u1ebft n\u1ed1i c\u00e1c nh\u00e0 \u0111\u1ea7u t\u01b0, doanh nghi\u1ec7p v\u00e0 c\u00e1c chuy\u00ean gia trong ng\u00e0nh v\u1edbi c\u00e1c c\u01a1 h\u1ed9i h\u1ee3p t\u00e1c v\u00e0 ph\u00e1t tri\u1ec3n b\u1ec1n v\u1eefng. Nh\u1eefng b\u00e0i vi\u1ebft c\u1ee7a anh t\u1ea1i website kh\u00f4ng ch\u1ec9 cung c\u1ea5p th\u00f4ng tin th\u1ecb tr\u01b0\u1eddng, m\u00e0 c\u00f2n l\u00e0 nh\u1eefng chi\u1ebfn l\u01b0\u1ee3c thi\u1ebft th\u1ef1c v\u00e0 hi\u1ec7u qu\u1ea3 d\u00e0nh cho nh\u1eefng ai mu\u1ed1n gia t\u0103ng gi\u00e1 tr\u1ecb \u0111\u1ea7u t\u01b0 b\u1ea5t \u0111\u1ed9ng s\u1ea3n.<\/span><\/p>\n<p><b>Ch\u00e2m ng\u00f4n l\u00e0m vi\u1ec7c:<\/b><\/p>\n<p data-start=\"995\" data-end=\"1034\"><span style=\"font-weight: 400;\">\u201c\u0110\u1ea7u t\u01b0 b\u1ea5t \u0111\u1ed9ng s\u1ea3n kh\u00f4ng ch\u1ec9 l\u00e0 t\u00ecm ki\u1ebfm l\u1ee3i nhu\u1eadn ng\u1eafn h\u1ea1n m\u00e0 c\u00f2n l\u00e0 x\u00e2y d\u1ef1ng gi\u00e1 tr\u1ecb b\u1ec1n v\u1eefng cho c\u1ed9ng \u0111\u1ed3ng v\u00e0 th\u1ebf h\u1ec7 sau.\u201d \u2013 <\/span><i><span style=\"font-weight: 400;\">L\u00ea Duy Quang<\/span><\/i><\/p>\n\t\t\n<style>\n#text-3751369744 {\n  font-size: 1rem;\n}\n<\/style>\n\t<\/div>\n\t\n\t\t<\/div>\n\n\t\t\n<style>\n#section_868112877 {\n  padding-top: 30px;\n  padding-bottom: 30px;\n}\n<\/style>\n\t<\/section>\n\t\n","protected":false},"excerpt":{"rendered":"","protected":false},"author":1,"featured_media":0,"parent":0,"menu_order":0,"comment_status":"closed","ping_status":"closed","template":"","meta":{"footnotes":""},"class_list":["post-18","page","type-page","status-publish","hentry"],"_links":{"self":[{"href":"https:\/\/bachviet-group.net\/index.php?rest_route=\/wp\/v2\/pages\/18","targetHints":{"allow":["GET"]}}],"collection":[{"href":"https:\/\/bachviet-group.net\/index.php?rest_route=\/wp\/v2\/pages"}],"about":[{"href":"https:\/\/bachviet-group.net\/index.php?rest_route=\/wp\/v2\/types\/page"}],"author":[{"embeddable":true,"href":"https:\/\/bachviet-group.net\/index.php?rest_route=\/wp\/v2\/users\/1"}],"replies":[{"embeddable":true,"href":"https:\/\/bachviet-group.net\/index.php?rest_route=%2Fwp%2Fv2%2Fcomments&post=18"}],"version-history":[{"count":3,"href":"https:\/\/bachviet-group.net\/index.php?rest_route=\/wp\/v2\/pages\/18\/revisions"}],"predecessor-version":[{"id":65,"href":"https:\/\/bachviet-group.net\/index.php?rest_route=\/wp\/v2\/pages\/18\/revisions\/65"}],"wp:attachment":[{"href":"https:\/\/bachviet-group.net\/index.php?rest_route=%2Fwp%2Fv2%2Fmedia&parent=18"}],"curies":[{"name":"wp","href":"https:\/\/api.w.org\/{rel}","templated":true}]}}